{"id":283218,"date":"2025-01-08T12:44:12","date_gmt":"2025-01-08T11:44:12","guid":{"rendered":"https:\/\/hfsolutions.designvonunderstood.de\/?page_id=283218"},"modified":"2026-04-15T15:59:19","modified_gmt":"2026-04-15T13:59:19","slug":"impressum","status":"publish","type":"page","link":"https:\/\/hf-solutions.co\/en\/impressum\/","title":{"rendered":"Legal Disclosure"},"content":{"rendered":"<p>[et_pb_section fb_built=&#8221;1&#8243; _builder_version=&#8221;4.27.4&#8243; _module_preset=&#8221;default&#8221; background_color=&#8221;#6723F6&#8243; background_image=&#8221;https:\/\/hf-solutions.co\/en\/wp-content\/uploads\/sites\/2\/2024\/12\/bg_header_ueber_uns-scaled.jpg&#8221; global_colors_info=&#8221;{}&#8221;][et_pb_row _builder_version=&#8221;4.27.4&#8243; _module_preset=&#8221;default&#8221; global_colors_info=&#8221;{}&#8221;][et_pb_column type=&#8221;4_4&#8243; _builder_version=&#8221;4.27.4&#8243; _module_preset=&#8221;default&#8221; global_colors_info=&#8221;{}&#8221;][et_pb_text _builder_version=&#8221;4.27.4&#8243; _module_preset=&#8221;default&#8221; background_layout=&#8221;dark&#8221; global_colors_info=&#8221;{}&#8221;]<\/p>\n<h1>Impressum<\/h1>\n<p>[\/et_pb_text][\/et_pb_column][\/et_pb_row][\/et_pb_section][et_pb_section fb_built=&#8221;1&#8243; _builder_version=&#8221;4.27.4&#8243; _module_preset=&#8221;default&#8221; background_enable_color=&#8221;off&#8221; global_colors_info=&#8221;{}&#8221;][et_pb_row _builder_version=&#8221;4.27.4&#8243; _module_preset=&#8221;default&#8221; custom_padding=&#8221;||||false|false&#8221; global_colors_info=&#8221;{}&#8221;][et_pb_column type=&#8221;4_4&#8243; _builder_version=&#8221;4.27.4&#8243; _module_preset=&#8221;default&#8221; global_colors_info=&#8221;{}&#8221;][et_pb_text _builder_version=&#8221;4.27.4&#8243; _module_preset=&#8221;default&#8221; global_colors_info=&#8221;{}&#8221;]<\/p>\n<div class=\"fusion-text fusion-text-2\">\n<h2 class=\"fusion-responsive-typography-calculated\" data-fontsize=\"30\" data-lineheight=\"45px\">Angaben gem\u00e4\u00df \u00a7 5 TMG<\/h2>\n<h2><\/h2>\n<p><strong>H&amp;F Solutions GmbH<br \/><\/strong>Jeremias-Bauer-Stra\u00dfe 16<br \/>D-74589 Satteldorf<\/p>\n<p><strong>Handelsregistereintrag<\/strong><br \/>HRB 736142<\/p>\n<p><strong>Registergericht<\/strong><br \/>Amtsgericht Ulm<\/p>\n<p><strong>Gesch\u00e4ftsf\u00fchrer<\/strong><br \/>Graduate in Business Administration Tobias Hertfelder<\/p>\n<p><strong>Firmensitz<\/strong><br \/>Jeremias-Bauer-Stra\u00dfe 16<br \/>74589 Satteldorf<\/p>\n<\/div>\n<div><\/div>\n<div class=\"fusion-text fusion-text-2\"><strong>Kontakt<\/strong><br \/>E-Mail: info@hf-solutions.co<\/div>\n<div><\/div>\n<div class=\"fusion-text fusion-text-2\">\n<p><strong><br \/>Umsatzsteuer-ID gem\u00e4\u00df \u00a7 27 a Umsatzsteuergesetz<\/strong><br \/>DE 316 077 074<\/p>\n<p>&nbsp;<\/p>\n<\/div>\n<div><\/div>\n<div class=\"fusion-text fusion-text-2\">\n<h2 class=\"fusion-responsive-typography-calculated\" data-fontsize=\"30\" data-lineheight=\"45px\">Angaben zur Berufs\u00adhaftpflicht\u00adversicherung<\/h2>\n<p><strong>Name und Sitz des Versicherers<\/strong><br \/>Hiscox Insurance Company Ltd.<br \/>Arnulfstra\u00dfe 31<br \/>80636 M\u00fcnchen<\/p>\n<p><strong>Geltungsraum der Versicherung<\/strong><br \/>weltweit<br \/><span style=\"color: #576282;font-size: 32px;font-weight: 600\">\u00a0<\/span><\/p>\n<h2 class=\"fusion-responsive-typography-calculated\" data-fontsize=\"30\" data-lineheight=\"45px\">Redaktionell verantwortlich<\/h2>\n<p>Diplom-Betriebswirt Tobias Hertfelder<br \/><span style=\"color: #576282;font-size: 32px;font-weight: 600\">\u00a0<\/span><\/p>\n<h2 class=\"fusion-responsive-typography-calculated\" data-fontsize=\"30\" data-lineheight=\"45px\">EU-Streitschlichtung<\/h2>\n<p>Die Europ\u00e4ische Kommission stellt eine Plattform zur Online-Streitbeilegung (OS) bereit:\u00a0<a href=\"https:\/\/ec.europa.eu\/consumers\/odr\/\" target=\"_blank\" rel=\"noopener noreferrer\">https:\/\/ec.europa.eu\/consumers\/odr\/<\/a>.<br \/>Unsere E-Mail-Adresse finden Sie oben im Impressum.<br \/><span style=\"color: #576282;font-size: 32px;font-weight: 600\">\u00a0<\/span><\/p>\n<h2 class=\"fusion-responsive-typography-calculated\" data-fontsize=\"30\" data-lineheight=\"45px\">Verbraucher\u00adstreit\u00adbeilegung\/Universal\u00adschlichtungs\u00adstelle<\/h2>\n<p>Wir sind nicht bereit oder verpflichtet, an Streitbeilegungsverfahren vor einer Verbraucherschlichtungsstelle teilzunehmen.<br \/><span style=\"font-size: 18px\">\u00a0<\/span><\/p>\n<\/div>\n<p>[\/et_pb_text][et_pb_text _builder_version=&#8221;4.27.4&#8243; _module_preset=&#8221;default&#8221; global_colors_info=&#8221;{}&#8221;]<\/p>\n<div class=\"fusion-text fusion-text-2\">\n<div class=\"fusion-title title fusion-title-1 fusion-sep-none fusion-title-text fusion-title-size-two\">\n<h2 class=\"title-heading-left fusion-responsive-typography-calculated\">Copyright<\/h2>\n<\/div>\n<div class=\"fusion-text fusion-text-3\">\n<p>S\u00e4mtliche Fotos, Logos und Texte auf diesen Seiten sind Eigentum von H&amp;F Solutions GmbH\u00a0und ihren Partnern. Die Vervielf\u00e4ltigung und\/oder die Weiterverbreitung von hier zur Verf\u00fcgung gestellten Inhalten in jeglicher Form bed\u00fcrfen der schriftlichen Genehmigung von H&amp;F Solutions GmbH.<br \/>\nBilderquellen nicht genannt auf Einzelseiten: iStockphoto<\/p>\n<p>digital image content Copyright 1997-2007 Hemera Technologies Inc., eine 100-prozentige Tochtergesellschaft von Jupiter Images Corporation. Alle Rechte vorbehalten.<\/p>\n<p>fotolia.de, istockphoto.com, shutterstock.com &#8211; Lizensiert \u00fcber Verbundunternehmen Futterknecht GmbH und lediglich f\u00fcr die Verwendung durch die Hertfelder-Futterknecht Gruppe bestimmt.\u00a0<em>\u00a9 goodluz, \u00a9 lassedesignen, \u00a9 jenshagen, \u00a9 Maksim Toome, \u00a9 Oli_ok, \u00a9 Eric Milos, \u00a9 Yuri Arcurs, \u00a9 euregiocontent, \u00a9 Ingo Bartussek, \u00a9 industrieblick, \u00a9 Sandor Jackal, \u00a9 Franjo, \u00a9 Coloures-Pic, \u00a9 Martin Green, \u00a9 Mammut Vision, \u00a9 AzmanL, \u00a9 sorbetto, \u00a9 stnazkul,\u00a0\u00a9\u00a0funtap,\u00a0\u00a9Nomadsoul1, \u00a9 PeopleImages, \u00a9 Stadtratte, \u00a9 SIphotography, \u00a9 Ildo Frazao, \u00a9 Ridofranz, \u00a9 wildpixel, \u00a9 izzetugutmen, \u00a9 Bannosuke, \u00a9 Halfpoint, \u00a9 goir, \u00a9 Evgenii Matrosov, \u00a9 Vladyslav Severyn<\/em><br \/>\nSonstige: tartila &#8211; de.freepik.com<\/p>\n<p>Copyrights: \u00a9 iStock.com &#8211; marigold, \u00a9iStock.com &#8211; nd3000, \u00a9iStock.com &#8211; Who_I_am, \u00a9iStock.com &#8211; Natali_Mis, \u00a9iStock.com &#8211; Illus_man, \u00a9 freepik &#8211; vectorjuice<\/p>\n<\/div>\n<\/div>\n<p>[\/et_pb_text][\/et_pb_column][\/et_pb_row][\/et_pb_section]<\/p>\n","protected":false},"excerpt":{"rendered":"<p>Impressum Angaben gem\u00e4\u00df \u00a7 5 TMG H&amp;F Solutions GmbHJeremias-Bauer-Stra\u00dfe 16D-74589 Satteldorf HandelsregistereintragHRB 736142 RegistergerichtAmtsgericht Ulm Gesch\u00e4ftsf\u00fchrerGraduate in Business Administration Tobias Hertfelder FirmensitzJeremias-Bauer-Stra\u00dfe 1674589 Satteldorf KontaktE-Mail: info@hf-solutions.co Umsatzsteuer-ID gem\u00e4\u00df \u00a7 27 a UmsatzsteuergesetzDE 316 077 074 &nbsp; Angaben zur Berufs\u00adhaftpflicht\u00adversicherung Name und Sitz des VersicherersHiscox Insurance Company Ltd.Arnulfstra\u00dfe 3180636 M\u00fcnchen Geltungsraum der Versicherungweltweit\u00a0 Redaktionell verantwortlich Diplom-Betriebswirt [&hellip;]<\/p>\n","protected":false},"author":1,"featured_media":0,"parent":0,"menu_order":0,"comment_status":"closed","ping_status":"closed","template":"","meta":{"_et_pb_use_builder":"on","_et_pb_old_content":"<!-- wp:divi\/placeholder \/-->","_et_gb_content_width":"","inline_featured_image":false,"footnotes":""},"class_list":["post-283218","page","type-page","status-publish","hentry"],"yoast_head":"<!-- This site is optimized with the Yoast SEO plugin v27.2 - https:\/\/yoast.com\/product\/yoast-seo-wordpress\/ -->\n<title>Legal Disclosure - H&amp;F Solutions<\/title>\n<meta name=\"robots\" content=\"index, follow, max-snippet:-1, max-image-preview:large, max-video-preview:-1\" \/>\n<link rel=\"canonical\" href=\"https:\/\/hf-solutions.co\/en\/impressum\/\" \/>\n<meta property=\"og:locale\" content=\"en_US\" \/>\n<meta property=\"og:type\" content=\"article\" \/>\n<meta property=\"og:title\" content=\"Legal Disclosure - H&amp;F Solutions\" \/>\n<meta property=\"og:description\" content=\"Impressum Angaben gem\u00e4\u00df \u00a7 5 TMG H&amp;F Solutions GmbHJeremias-Bauer-Stra\u00dfe 16D-74589 Satteldorf HandelsregistereintragHRB 736142 RegistergerichtAmtsgericht Ulm Gesch\u00e4ftsf\u00fchrerGraduate in Business Administration Tobias Hertfelder FirmensitzJeremias-Bauer-Stra\u00dfe 1674589 Satteldorf KontaktE-Mail: info@hf-solutions.co Umsatzsteuer-ID gem\u00e4\u00df \u00a7 27 a UmsatzsteuergesetzDE 316 077 074 &nbsp; Angaben zur Berufs\u00adhaftpflicht\u00adversicherung Name und Sitz des VersicherersHiscox Insurance Company Ltd.Arnulfstra\u00dfe 3180636 M\u00fcnchen Geltungsraum der Versicherungweltweit\u00a0 Redaktionell verantwortlich Diplom-Betriebswirt [&hellip;]\" \/>\n<meta property=\"og:url\" content=\"https:\/\/hf-solutions.co\/en\/impressum\/\" \/>\n<meta property=\"og:site_name\" content=\"H&amp;F Solutions\" \/>\n<meta property=\"article:publisher\" content=\"https:\/\/www.facebook.com\/handfsolutions\/?locale=de_DE\" \/>\n<meta property=\"article:modified_time\" content=\"2026-04-15T13:59:19+00:00\" \/>\n<meta property=\"og:image\" content=\"https:\/\/hf-solutions.co\/en\/wp-content\/uploads\/sites\/2\/2025\/02\/dara-og.jpg\" \/>\n\t<meta property=\"og:image:width\" content=\"1200\" \/>\n\t<meta property=\"og:image:height\" content=\"675\" \/>\n\t<meta property=\"og:image:type\" content=\"image\/jpeg\" \/>\n<meta name=\"twitter:card\" content=\"summary_large_image\" \/>\n<meta name=\"twitter:label1\" content=\"Est. reading time\" \/>\n\t<meta name=\"twitter:data1\" content=\"2 minutes\" \/>\n<script type=\"application\/ld+json\" class=\"yoast-schema-graph\">{\"@context\":\"https:\/\/schema.org\",\"@graph\":[{\"@type\":\"WebPage\",\"@id\":\"https:\/\/hf-solutions.co\/en\/impressum\/\",\"url\":\"https:\/\/hf-solutions.co\/en\/impressum\/\",\"name\":\"Legal Disclosure - H&amp;F Solutions\",\"isPartOf\":{\"@id\":\"https:\/\/hf-solutions.co\/en\/#website\"},\"datePublished\":\"2025-01-08T11:44:12+00:00\",\"dateModified\":\"2026-04-15T13:59:19+00:00\",\"breadcrumb\":{\"@id\":\"https:\/\/hf-solutions.co\/en\/impressum\/#breadcrumb\"},\"inLanguage\":\"en-US\",\"potentialAction\":[{\"@type\":\"ReadAction\",\"target\":[\"https:\/\/hf-solutions.co\/en\/impressum\/\"]}]},{\"@type\":\"BreadcrumbList\",\"@id\":\"https:\/\/hf-solutions.co\/en\/impressum\/#breadcrumb\",\"itemListElement\":[{\"@type\":\"ListItem\",\"position\":1,\"name\":\"Startseite\",\"item\":\"https:\/\/hf-solutions.co\/en\/\"},{\"@type\":\"ListItem\",\"position\":2,\"name\":\"Legal Disclosure\"}]},{\"@type\":\"WebSite\",\"@id\":\"https:\/\/hf-solutions.co\/en\/#website\",\"url\":\"https:\/\/hf-solutions.co\/en\/\",\"name\":\"H&F Solutions\",\"description\":\"Fully Automated B2B Document Exchange\",\"publisher\":{\"@id\":\"https:\/\/hf-solutions.co\/en\/#organization\"},\"potentialAction\":[{\"@type\":\"SearchAction\",\"target\":{\"@type\":\"EntryPoint\",\"urlTemplate\":\"https:\/\/hf-solutions.co\/en\/?s={search_term_string}\"},\"query-input\":{\"@type\":\"PropertyValueSpecification\",\"valueRequired\":true,\"valueName\":\"search_term_string\"}}],\"inLanguage\":\"en-US\"},{\"@type\":\"Organization\",\"@id\":\"https:\/\/hf-solutions.co\/en\/#organization\",\"name\":\"H&F Solutions\",\"url\":\"https:\/\/hf-solutions.co\/en\/\",\"logo\":{\"@type\":\"ImageObject\",\"inLanguage\":\"en-US\",\"@id\":\"https:\/\/hf-solutions.co\/en\/#\/schema\/logo\/image\/\",\"url\":\"https:\/\/hf-solutions.co\/en\/wp-content\/uploads\/sites\/2\/2025\/02\/dara-696x696-1.jpg\",\"contentUrl\":\"https:\/\/hf-solutions.co\/en\/wp-content\/uploads\/sites\/2\/2025\/02\/dara-696x696-1.jpg\",\"width\":696,\"height\":696,\"caption\":\"H&F Solutions\"},\"image\":{\"@id\":\"https:\/\/hf-solutions.co\/en\/#\/schema\/logo\/image\/\"},\"sameAs\":[\"https:\/\/www.facebook.com\/handfsolutions\/?locale=de_DE\"]}]}<\/script>\n<!-- \/ Yoast SEO plugin. -->","yoast_head_json":{"title":"Legal Disclosure - H&amp;F Solutions","robots":{"index":"index","follow":"follow","max-snippet":"max-snippet:-1","max-image-preview":"max-image-preview:large","max-video-preview":"max-video-preview:-1"},"canonical":"https:\/\/hf-solutions.co\/en\/impressum\/","og_locale":"en_US","og_type":"article","og_title":"Legal Disclosure - H&amp;F Solutions","og_description":"Impressum Angaben gem\u00e4\u00df \u00a7 5 TMG H&amp;F Solutions GmbHJeremias-Bauer-Stra\u00dfe 16D-74589 Satteldorf HandelsregistereintragHRB 736142 RegistergerichtAmtsgericht Ulm Gesch\u00e4ftsf\u00fchrerGraduate in Business Administration Tobias Hertfelder FirmensitzJeremias-Bauer-Stra\u00dfe 1674589 Satteldorf KontaktE-Mail: info@hf-solutions.co Umsatzsteuer-ID gem\u00e4\u00df \u00a7 27 a UmsatzsteuergesetzDE 316 077 074 &nbsp; Angaben zur Berufs\u00adhaftpflicht\u00adversicherung Name und Sitz des VersicherersHiscox Insurance Company Ltd.Arnulfstra\u00dfe 3180636 M\u00fcnchen Geltungsraum der Versicherungweltweit\u00a0 Redaktionell verantwortlich Diplom-Betriebswirt [&hellip;]","og_url":"https:\/\/hf-solutions.co\/en\/impressum\/","og_site_name":"H&amp;F Solutions","article_publisher":"https:\/\/www.facebook.com\/handfsolutions\/?locale=de_DE","article_modified_time":"2026-04-15T13:59:19+00:00","og_image":[{"width":1200,"height":675,"url":"https:\/\/hf-solutions.co\/en\/wp-content\/uploads\/sites\/2\/2025\/02\/dara-og.jpg","type":"image\/jpeg"}],"twitter_card":"summary_large_image","twitter_misc":{"Est. reading time":"2 minutes"},"schema":{"@context":"https:\/\/schema.org","@graph":[{"@type":"WebPage","@id":"https:\/\/hf-solutions.co\/en\/impressum\/","url":"https:\/\/hf-solutions.co\/en\/impressum\/","name":"Legal Disclosure - H&amp;F Solutions","isPartOf":{"@id":"https:\/\/hf-solutions.co\/en\/#website"},"datePublished":"2025-01-08T11:44:12+00:00","dateModified":"2026-04-15T13:59:19+00:00","breadcrumb":{"@id":"https:\/\/hf-solutions.co\/en\/impressum\/#breadcrumb"},"inLanguage":"en-US","potentialAction":[{"@type":"ReadAction","target":["https:\/\/hf-solutions.co\/en\/impressum\/"]}]},{"@type":"BreadcrumbList","@id":"https:\/\/hf-solutions.co\/en\/impressum\/#breadcrumb","itemListElement":[{"@type":"ListItem","position":1,"name":"Startseite","item":"https:\/\/hf-solutions.co\/en\/"},{"@type":"ListItem","position":2,"name":"Legal Disclosure"}]},{"@type":"WebSite","@id":"https:\/\/hf-solutions.co\/en\/#website","url":"https:\/\/hf-solutions.co\/en\/","name":"H&F Solutions","description":"Fully Automated B2B Document Exchange","publisher":{"@id":"https:\/\/hf-solutions.co\/en\/#organization"},"potentialAction":[{"@type":"SearchAction","target":{"@type":"EntryPoint","urlTemplate":"https:\/\/hf-solutions.co\/en\/?s={search_term_string}"},"query-input":{"@type":"PropertyValueSpecification","valueRequired":true,"valueName":"search_term_string"}}],"inLanguage":"en-US"},{"@type":"Organization","@id":"https:\/\/hf-solutions.co\/en\/#organization","name":"H&F Solutions","url":"https:\/\/hf-solutions.co\/en\/","logo":{"@type":"ImageObject","inLanguage":"en-US","@id":"https:\/\/hf-solutions.co\/en\/#\/schema\/logo\/image\/","url":"https:\/\/hf-solutions.co\/en\/wp-content\/uploads\/sites\/2\/2025\/02\/dara-696x696-1.jpg","contentUrl":"https:\/\/hf-solutions.co\/en\/wp-content\/uploads\/sites\/2\/2025\/02\/dara-696x696-1.jpg","width":696,"height":696,"caption":"H&F Solutions"},"image":{"@id":"https:\/\/hf-solutions.co\/en\/#\/schema\/logo\/image\/"},"sameAs":["https:\/\/www.facebook.com\/handfsolutions\/?locale=de_DE"]}]}},"_links":{"self":[{"href":"https:\/\/hf-solutions.co\/en\/wp-json\/wp\/v2\/pages\/283218","targetHints":{"allow":["GET"]}}],"collection":[{"href":"https:\/\/hf-solutions.co\/en\/wp-json\/wp\/v2\/pages"}],"about":[{"href":"https:\/\/hf-solutions.co\/en\/wp-json\/wp\/v2\/types\/page"}],"author":[{"embeddable":true,"href":"https:\/\/hf-solutions.co\/en\/wp-json\/wp\/v2\/users\/1"}],"replies":[{"embeddable":true,"href":"https:\/\/hf-solutions.co\/en\/wp-json\/wp\/v2\/comments?post=283218"}],"version-history":[{"count":7,"href":"https:\/\/hf-solutions.co\/en\/wp-json\/wp\/v2\/pages\/283218\/revisions"}],"predecessor-version":[{"id":284281,"href":"https:\/\/hf-solutions.co\/en\/wp-json\/wp\/v2\/pages\/283218\/revisions\/284281"}],"wp:attachment":[{"href":"https:\/\/hf-solutions.co\/en\/wp-json\/wp\/v2\/media?parent=283218"}],"curies":[{"name":"wp","href":"https:\/\/api.w.org\/{rel}","templated":true}]}}